{"id":4574,"date":"2025-03-15T20:17:26","date_gmt":"2025-03-15T19:17:26","guid":{"rendered":"https:\/\/metagro.stagedev.nl\/haftungsausschluss\/"},"modified":"2025-04-30T11:59:24","modified_gmt":"2025-04-30T09:59:24","slug":"haftungsausschluss","status":"publish","type":"page","link":"https:\/\/www.metagro.com\/de\/haftungsausschluss\/","title":{"rendered":"Haftungsausschluss"},"content":{"rendered":"<div id='av-layout-grid-1'  class='av-layout-grid-container av-m11t-93fa8209102a6da0b8e4060cf14cb62d entry-content-wrapper main_color av-flex-cells av-break-at-tablet  avia-builder-el-0  el_before_av_section  avia-builder-el-first  banner av-grid-order-reverse  container_wrap sidebar_right'  >\n\n<style type=\"text\/css\" data-created_by=\"avia_inline_auto\" id=\"style-css-av-kdcx-cc927e4db8c3489e95b90938171dc438\">\n.flex_cell.av-kdcx-cc927e4db8c3489e95b90938171dc438{\nvertical-align:middle;\nbackground:url(https:\/\/www.metagro.com\/wp-content\/uploads\/2024\/10\/banner-bg.png) 0% 0% no-repeat scroll #015ff0;\n}\n.responsive #top #wrap_all .flex_cell.av-kdcx-cc927e4db8c3489e95b90938171dc438{\npadding:160px 50px 160px 50px !important;\n}\n\n@media only screen and (min-width: 768px) and (max-width: 989px){ \n.responsive #top #wrap_all .flex_cell.av-kdcx-cc927e4db8c3489e95b90938171dc438{\npadding:120px 50px 120px 50px !important;\n}\n}\n\n@media only screen and (min-width: 480px) and (max-width: 767px){ \n.responsive #top #wrap_all .flex_cell.av-kdcx-cc927e4db8c3489e95b90938171dc438{\npadding:80px 40px 80px 40px !important;\n}\n}\n\n@media only screen and (max-width: 479px){ \n.responsive #top #wrap_all .flex_cell.av-kdcx-cc927e4db8c3489e95b90938171dc438{\npadding:80px 50px 80px 50px !important;\n}\n}\n<\/style>\n<div class='flex_cell av-kdcx-cc927e4db8c3489e95b90938171dc438 av-gridrow-cell av_one_half no_margin  avia-builder-el-1  el_before_av_cell_one_half  avia-builder-el-first  content-align-middle'  ><div class='flex_cell_inner'><div  class='flex_column av-j883-732660077f5041d410697f99b164ee0d av_one_full  avia-builder-el-2  avia-builder-el-no-sibling  first flex_column_div  '     ><style type=\"text\/css\" data-created_by=\"avia_inline_auto\" id=\"style-css-av-m8akkc25-d1e5c954c1248d44e8f5047245bbd28c\">\n#top .av-special-heading.av-m8akkc25-d1e5c954c1248d44e8f5047245bbd28c{\npadding-bottom:25px;\ncolor:#ffffff;\n}\nbody .av-special-heading.av-m8akkc25-d1e5c954c1248d44e8f5047245bbd28c .av-special-heading-tag .heading-char{\nfont-size:25px;\n}\n.av-special-heading.av-m8akkc25-d1e5c954c1248d44e8f5047245bbd28c .special-heading-inner-border{\nborder-color:#ffffff;\n}\n.av-special-heading.av-m8akkc25-d1e5c954c1248d44e8f5047245bbd28c .av-subheading{\nfont-size:15px;\n}\n<\/style>\n<div  class='av-special-heading av-m8akkc25-d1e5c954c1248d44e8f5047245bbd28c av-special-heading-h1 custom-color-heading blockquote modern-quote  avia-builder-el-3  avia-builder-el-no-sibling '><h1 class='av-special-heading-tag '  itemprop=\"headline\"  >Haftungsausschluss<\/h1><div class=\"special-heading-border\"><div class=\"special-heading-inner-border\"><\/div><\/div><\/div><\/div>\n<\/div><\/div>\n<style type=\"text\/css\" data-created_by=\"avia_inline_auto\" id=\"style-css-av-m8akmiv2-2b8e38408170ddb521e7db7ad1ea6742\">\n.flex_cell.av-m8akmiv2-2b8e38408170ddb521e7db7ad1ea6742{\nvertical-align:top;\nbackground:url(https:\/\/www.metagro.com\/wp-content\/uploads\/2024\/11\/Cabins-Ergoseats-before-2021.jpg) 50% 50% no-repeat scroll #015ff0;\n}\n<\/style>\n<div class='flex_cell av-m8akmiv2-2b8e38408170ddb521e7db7ad1ea6742 av-gridrow-cell av_one_half no_margin  avia-builder-el-4  el_after_av_cell_one_half  avia-builder-el-last  content-align-top avia-full-stretch'  ><div class='flex_cell_inner'><p>\n<style type=\"text\/css\" data-created_by=\"avia_inline_auto\" id=\"style-css-av-m8aku7hc-7e2848e9abb0db9da5341b87212676c4\">\n#top .hr.hr-invisible.av-m8aku7hc-7e2848e9abb0db9da5341b87212676c4{\nheight:50px;\n}\n<\/style>\n<div  class='hr av-m8aku7hc-7e2848e9abb0db9da5341b87212676c4 hr-invisible  avia-builder-el-5  el_before_av_hr  avia-builder-el-first '><span class='hr-inner '><span class=\"hr-inner-style\"><\/span><\/span><\/div><br \/>\n\n<style type=\"text\/css\" data-created_by=\"avia_inline_auto\" id=\"style-css-av-2kfb-135e8a197c1093b1267d6934baab43d5\">\n#top .hr.hr-invisible.av-2kfb-135e8a197c1093b1267d6934baab43d5{\nheight:50px;\n}\n<\/style>\n<div  class='hr av-2kfb-135e8a197c1093b1267d6934baab43d5 hr-invisible  avia-builder-el-6  el_after_av_hr  avia-builder-el-last '><span class='hr-inner '><span class=\"hr-inner-style\"><\/span><\/span><\/div><\/p>\n<\/div><\/div><\/div><div id='av_section_1'  class='avia-section av-byjj-690c131689629cca0994e6a4b25e8a56 main_color avia-section-no-padding avia-no-border-styling  avia-builder-el-7  el_after_av_layout_row  avia-builder-el-last  avia-bg-style-scroll container_wrap sidebar_right'  ><div class='container av-section-cont-open' ><div class='template-page content  av-content-small alpha units'><div class='post-entry post-entry-type-page post-entry-4574'><div class='entry-content-wrapper clearfix'>\n<div  class='flex_column av-aprl-805451339d9fa606c2d31154d0fe89b2 av_one_fifth  avia-builder-el-8  el_before_av_three_fifth  avia-builder-el-first  first flex_column_div  '     ><\/div><div  class='flex_column av-6vn3-fa1f5bf7215391391780e415c5b670ba av_three_fifth  avia-builder-el-9  el_after_av_one_fifth  el_before_av_one_fifth  flex_column_div  '     ><p>\n<style type=\"text\/css\" data-created_by=\"avia_inline_auto\" id=\"style-css-av-m8aky97z-62ce212511e737c90e3f7c0b972e2837\">\n#top .hr.hr-invisible.av-m8aky97z-62ce212511e737c90e3f7c0b972e2837{\nheight:150px;\n}\n<\/style>\n<div  class='hr av-m8aky97z-62ce212511e737c90e3f7c0b972e2837 hr-invisible  avia-builder-el-10  el_before_av_textblock  avia-builder-el-first '><span class='hr-inner '><span class=\"hr-inner-style\"><\/span><\/span><\/div><br \/>\n\n<style type=\"text\/css\" data-created_by=\"avia_inline_auto\" id=\"style-css-av-m8akiju9-13b2a71675a65765275189d59ec5ecd6\">\n#top .av_textblock_section.av-m8akiju9-13b2a71675a65765275189d59ec5ecd6 .avia_textblock{\nfont-size:20px;\n}\n<\/style>\n<section  class='av_textblock_section av-m8akiju9-13b2a71675a65765275189d59ec5ecd6 '   itemscope=\"itemscope\" itemtype=\"https:\/\/schema.org\/CreativeWork\" ><div class='avia_textblock'  itemprop=\"text\" ><h4>Haftung<\/h4>\n<p>Die Inhalte dieser Website wurden mit Sorgfalt zusammengestellt. Metagro haftet jedoch nicht f\u00fcr direkte oder indirekte Sch\u00e4den, die aus der Nutzung der bereitgestellten Informationen entstehen. Aus dem Inhalt k\u00f6nnen keine Rechte abgeleitet werden. <\/p>\n<h4>Nutzung von Informationen<\/h4>\n<p>Alle Informationen auf dieser Website sind vorbehaltlich von Druck-, Satz-, Preis- und Programmierfehlern.<\/p>\n<h4>Urheberrecht<\/h4>\n<p>Alle Texte, Bilder, Videos und sonstigen Inhalte auf dieser Website sind urheberrechtlich gesch\u00fctzt. Die Verwendung, Vervielf\u00e4ltigung oder Verbreitung ohne schriftliche Genehmigung von Metagro ist nicht gestattet. <\/p>\n<p>Haben Sie Fragen? Kontaktieren Sie uns unter marketing@dubbeldamgroep.nl oder +31 (0)78 &#8211; 610 0333.<\/p>\n<\/div><\/section><br \/>\n\n<style type=\"text\/css\" data-created_by=\"avia_inline_auto\" id=\"style-css-av-49bt-9ca291e79585fde2298cad95512aeed3\">\n#top .hr.hr-invisible.av-49bt-9ca291e79585fde2298cad95512aeed3{\nheight:150px;\n}\n<\/style>\n<div  class='hr av-49bt-9ca291e79585fde2298cad95512aeed3 hr-invisible  avia-builder-el-12  el_after_av_textblock  avia-builder-el-last '><span class='hr-inner '><span class=\"hr-inner-style\"><\/span><\/span><\/div><\/p><\/div><div  class='flex_column av-46hb-c25cc6e87e63cab2c3d1c67dbd007789 av_one_fifth  avia-builder-el-13  el_after_av_three_fifth  avia-builder-el-last  flex_column_div  '     ><\/div>\n<\/div><\/div><\/div><!-- close content main div --><\/div><\/div><div id='after_section_1'  class='main_color av_default_container_wrap container_wrap sidebar_right'  ><div class='container av-section-cont-open' ><div class='template-page content  av-content-small alpha units'><div class='post-entry post-entry-type-page post-entry-4574'><div class='entry-content-wrapper clearfix'><\/p>\n","protected":false},"excerpt":{"rendered":"","protected":false},"author":6,"featured_media":3124,"parent":0,"menu_order":0,"comment_status":"closed","ping_status":"closed","template":"","meta":{"_acf_changed":false,"footnotes":""},"class_list":["post-4574","page","type-page","status-publish","has-post-thumbnail","hentry"],"acf":[],"yoast_head":"<!-- This site is optimized with the Yoast SEO plugin v27.3 - https:\/\/yoast.com\/product\/yoast-seo-wordpress\/ -->\n<title>Haftungsausschluss - Metagro<\/title>\n<meta name=\"robots\" content=\"index, follow, max-snippet:-1, max-image-preview:large, max-video-preview:-1\" \/>\n<link rel=\"canonical\" href=\"https:\/\/www.metagro.com\/de\/haftungsausschluss\/\" \/>\n<meta property=\"og:locale\" content=\"de_DE\" \/>\n<meta property=\"og:type\" content=\"article\" \/>\n<meta property=\"og:title\" content=\"Haftungsausschluss - Metagro\" \/>\n<meta property=\"og:url\" content=\"https:\/\/www.metagro.com\/de\/haftungsausschluss\/\" \/>\n<meta property=\"og:site_name\" content=\"Metagro\" \/>\n<meta property=\"article:publisher\" content=\"https:\/\/www.facebook.com\/Metagro\" \/>\n<meta property=\"article:modified_time\" content=\"2025-04-30T09:59:24+00:00\" \/>\n<meta property=\"og:image\" content=\"https:\/\/www.metagro.com\/wp-content\/uploads\/2025\/02\/Metagro-M.png\" \/>\n\t<meta property=\"og:image:width\" content=\"512\" \/>\n\t<meta property=\"og:image:height\" content=\"512\" \/>\n\t<meta property=\"og:image:type\" content=\"image\/png\" \/>\n<meta name=\"twitter:card\" content=\"summary_large_image\" \/>\n<meta name=\"twitter:label1\" content=\"Gesch\u00e4tzte Lesezeit\" \/>\n\t<meta name=\"twitter:data1\" content=\"16\u00a0Minuten\" \/>\n<script type=\"application\/ld+json\" class=\"yoast-schema-graph\">{\"@context\":\"https:\\\/\\\/schema.org\",\"@graph\":[{\"@type\":\"WebPage\",\"@id\":\"https:\\\/\\\/www.metagro.com\\\/de\\\/haftungsausschluss\\\/\",\"url\":\"https:\\\/\\\/www.metagro.com\\\/de\\\/haftungsausschluss\\\/\",\"name\":\"Haftungsausschluss - Metagro\",\"isPartOf\":{\"@id\":\"https:\\\/\\\/www.metagro.com\\\/de\\\/#website\"},\"primaryImageOfPage\":{\"@id\":\"https:\\\/\\\/www.metagro.com\\\/de\\\/haftungsausschluss\\\/#primaryimage\"},\"image\":{\"@id\":\"https:\\\/\\\/www.metagro.com\\\/de\\\/haftungsausschluss\\\/#primaryimage\"},\"thumbnailUrl\":\"https:\\\/\\\/www.metagro.com\\\/wp-content\\\/uploads\\\/2025\\\/02\\\/Metagro-M.png\",\"datePublished\":\"2025-03-15T19:17:26+00:00\",\"dateModified\":\"2025-04-30T09:59:24+00:00\",\"inLanguage\":\"de\",\"potentialAction\":[{\"@type\":\"ReadAction\",\"target\":[\"https:\\\/\\\/www.metagro.com\\\/de\\\/haftungsausschluss\\\/\"]}]},{\"@type\":\"ImageObject\",\"inLanguage\":\"de\",\"@id\":\"https:\\\/\\\/www.metagro.com\\\/de\\\/haftungsausschluss\\\/#primaryimage\",\"url\":\"https:\\\/\\\/www.metagro.com\\\/wp-content\\\/uploads\\\/2025\\\/02\\\/Metagro-M.png\",\"contentUrl\":\"https:\\\/\\\/www.metagro.com\\\/wp-content\\\/uploads\\\/2025\\\/02\\\/Metagro-M.png\",\"width\":512,\"height\":512,\"caption\":\"Metagro\"},{\"@type\":\"WebSite\",\"@id\":\"https:\\\/\\\/www.metagro.com\\\/de\\\/#website\",\"url\":\"https:\\\/\\\/www.metagro.com\\\/de\\\/\",\"name\":\"Metagro\",\"description\":\"vakmanschap in cabinebouw, innovatie en een ergonomische werkomgeving staan centraal\",\"publisher\":{\"@id\":\"https:\\\/\\\/www.metagro.com\\\/de\\\/#organization\"},\"potentialAction\":[{\"@type\":\"SearchAction\",\"target\":{\"@type\":\"EntryPoint\",\"urlTemplate\":\"https:\\\/\\\/www.metagro.com\\\/de\\\/?s={search_term_string}\"},\"query-input\":{\"@type\":\"PropertyValueSpecification\",\"valueRequired\":true,\"valueName\":\"search_term_string\"}}],\"inLanguage\":\"de\"},{\"@type\":\"Organization\",\"@id\":\"https:\\\/\\\/www.metagro.com\\\/de\\\/#organization\",\"name\":\"Metagro\",\"url\":\"https:\\\/\\\/www.metagro.com\\\/de\\\/\",\"logo\":{\"@type\":\"ImageObject\",\"inLanguage\":\"de\",\"@id\":\"https:\\\/\\\/www.metagro.com\\\/de\\\/#\\\/schema\\\/logo\\\/image\\\/\",\"url\":\"https:\\\/\\\/www.metagro.com\\\/wp-content\\\/uploads\\\/2024\\\/10\\\/logo.png\",\"contentUrl\":\"https:\\\/\\\/www.metagro.com\\\/wp-content\\\/uploads\\\/2024\\\/10\\\/logo.png\",\"width\":380,\"height\":192,\"caption\":\"Metagro\"},\"image\":{\"@id\":\"https:\\\/\\\/www.metagro.com\\\/de\\\/#\\\/schema\\\/logo\\\/image\\\/\"},\"sameAs\":[\"https:\\\/\\\/www.facebook.com\\\/Metagro\",\"https:\\\/\\\/www.instagram.com\\\/metagro_bv\\\/\",\"https:\\\/\\\/www.linkedin.com\\\/company\\\/metagro-bv\\\/\"]}]}<\/script>\n<!-- \/ Yoast SEO plugin. -->","yoast_head_json":{"title":"Haftungsausschluss - Metagro","robots":{"index":"index","follow":"follow","max-snippet":"max-snippet:-1","max-image-preview":"max-image-preview:large","max-video-preview":"max-video-preview:-1"},"canonical":"https:\/\/www.metagro.com\/de\/haftungsausschluss\/","og_locale":"de_DE","og_type":"article","og_title":"Haftungsausschluss - Metagro","og_url":"https:\/\/www.metagro.com\/de\/haftungsausschluss\/","og_site_name":"Metagro","article_publisher":"https:\/\/www.facebook.com\/Metagro","article_modified_time":"2025-04-30T09:59:24+00:00","og_image":[{"width":512,"height":512,"url":"https:\/\/www.metagro.com\/wp-content\/uploads\/2025\/02\/Metagro-M.png","type":"image\/png"}],"twitter_card":"summary_large_image","twitter_misc":{"Gesch\u00e4tzte Lesezeit":"16\u00a0Minuten"},"schema":{"@context":"https:\/\/schema.org","@graph":[{"@type":"WebPage","@id":"https:\/\/www.metagro.com\/de\/haftungsausschluss\/","url":"https:\/\/www.metagro.com\/de\/haftungsausschluss\/","name":"Haftungsausschluss - Metagro","isPartOf":{"@id":"https:\/\/www.metagro.com\/de\/#website"},"primaryImageOfPage":{"@id":"https:\/\/www.metagro.com\/de\/haftungsausschluss\/#primaryimage"},"image":{"@id":"https:\/\/www.metagro.com\/de\/haftungsausschluss\/#primaryimage"},"thumbnailUrl":"https:\/\/www.metagro.com\/wp-content\/uploads\/2025\/02\/Metagro-M.png","datePublished":"2025-03-15T19:17:26+00:00","dateModified":"2025-04-30T09:59:24+00:00","inLanguage":"de","potentialAction":[{"@type":"ReadAction","target":["https:\/\/www.metagro.com\/de\/haftungsausschluss\/"]}]},{"@type":"ImageObject","inLanguage":"de","@id":"https:\/\/www.metagro.com\/de\/haftungsausschluss\/#primaryimage","url":"https:\/\/www.metagro.com\/wp-content\/uploads\/2025\/02\/Metagro-M.png","contentUrl":"https:\/\/www.metagro.com\/wp-content\/uploads\/2025\/02\/Metagro-M.png","width":512,"height":512,"caption":"Metagro"},{"@type":"WebSite","@id":"https:\/\/www.metagro.com\/de\/#website","url":"https:\/\/www.metagro.com\/de\/","name":"Metagro","description":"vakmanschap in cabinebouw, innovatie en een ergonomische werkomgeving staan centraal","publisher":{"@id":"https:\/\/www.metagro.com\/de\/#organization"},"potentialAction":[{"@type":"SearchAction","target":{"@type":"EntryPoint","urlTemplate":"https:\/\/www.metagro.com\/de\/?s={search_term_string}"},"query-input":{"@type":"PropertyValueSpecification","valueRequired":true,"valueName":"search_term_string"}}],"inLanguage":"de"},{"@type":"Organization","@id":"https:\/\/www.metagro.com\/de\/#organization","name":"Metagro","url":"https:\/\/www.metagro.com\/de\/","logo":{"@type":"ImageObject","inLanguage":"de","@id":"https:\/\/www.metagro.com\/de\/#\/schema\/logo\/image\/","url":"https:\/\/www.metagro.com\/wp-content\/uploads\/2024\/10\/logo.png","contentUrl":"https:\/\/www.metagro.com\/wp-content\/uploads\/2024\/10\/logo.png","width":380,"height":192,"caption":"Metagro"},"image":{"@id":"https:\/\/www.metagro.com\/de\/#\/schema\/logo\/image\/"},"sameAs":["https:\/\/www.facebook.com\/Metagro","https:\/\/www.instagram.com\/metagro_bv\/","https:\/\/www.linkedin.com\/company\/metagro-bv\/"]}]}},"_links":{"self":[{"href":"https:\/\/www.metagro.com\/de\/wp-json\/wp\/v2\/pages\/4574","targetHints":{"allow":["GET"]}}],"collection":[{"href":"https:\/\/www.metagro.com\/de\/wp-json\/wp\/v2\/pages"}],"about":[{"href":"https:\/\/www.metagro.com\/de\/wp-json\/wp\/v2\/types\/page"}],"author":[{"embeddable":true,"href":"https:\/\/www.metagro.com\/de\/wp-json\/wp\/v2\/users\/6"}],"replies":[{"embeddable":true,"href":"https:\/\/www.metagro.com\/de\/wp-json\/wp\/v2\/comments?post=4574"}],"version-history":[{"count":10,"href":"https:\/\/www.metagro.com\/de\/wp-json\/wp\/v2\/pages\/4574\/revisions"}],"predecessor-version":[{"id":7261,"href":"https:\/\/www.metagro.com\/de\/wp-json\/wp\/v2\/pages\/4574\/revisions\/7261"}],"wp:featuredmedia":[{"embeddable":true,"href":"https:\/\/www.metagro.com\/de\/wp-json\/wp\/v2\/media\/3124"}],"wp:attachment":[{"href":"https:\/\/www.metagro.com\/de\/wp-json\/wp\/v2\/media?parent=4574"}],"curies":[{"name":"wp","href":"https:\/\/api.w.org\/{rel}","templated":true}]}}