{"id":4324,"date":"2024-09-30T12:54:38","date_gmt":"2024-09-30T10:54:38","guid":{"rendered":"https:\/\/metagro.stagedev.nl\/erklaerung-zum-datenschutz\/"},"modified":"2025-03-27T21:40:19","modified_gmt":"2025-03-27T20:40:19","slug":"privacyverklaring","status":"publish","type":"page","link":"https:\/\/www.metagro.com\/de\/privacyverklaring\/","title":{"rendered":"Erkl\u00e4rung zum Datenschutz"},"content":{"rendered":"<div id='av-layout-grid-1'  class='av-layout-grid-container av-m11t-93fa8209102a6da0b8e4060cf14cb62d entry-content-wrapper main_color av-flex-cells av-break-at-tablet  avia-builder-el-0  el_before_av_section  avia-builder-el-first  banner av-grid-order-reverse  container_wrap sidebar_right'  >\n\n<style type=\"text\/css\" data-created_by=\"avia_inline_auto\" id=\"style-css-av-kdcx-cc927e4db8c3489e95b90938171dc438\">\n.flex_cell.av-kdcx-cc927e4db8c3489e95b90938171dc438{\nvertical-align:middle;\nbackground:url(https:\/\/www.metagro.com\/wp-content\/uploads\/2024\/10\/banner-bg.png) 0% 0% no-repeat scroll #015ff0;\n}\n.responsive #top #wrap_all .flex_cell.av-kdcx-cc927e4db8c3489e95b90938171dc438{\npadding:160px 50px 160px 50px !important;\n}\n\n@media only screen and (min-width: 768px) and (max-width: 989px){ \n.responsive #top #wrap_all .flex_cell.av-kdcx-cc927e4db8c3489e95b90938171dc438{\npadding:120px 50px 120px 50px !important;\n}\n}\n\n@media only screen and (min-width: 480px) and (max-width: 767px){ \n.responsive #top #wrap_all .flex_cell.av-kdcx-cc927e4db8c3489e95b90938171dc438{\npadding:80px 40px 80px 40px !important;\n}\n}\n\n@media only screen and (max-width: 479px){ \n.responsive #top #wrap_all .flex_cell.av-kdcx-cc927e4db8c3489e95b90938171dc438{\npadding:80px 50px 80px 50px !important;\n}\n}\n<\/style>\n<div class='flex_cell av-kdcx-cc927e4db8c3489e95b90938171dc438 av-gridrow-cell av_one_half no_margin  avia-builder-el-1  el_before_av_cell_one_half  avia-builder-el-first  content-align-middle'  ><div class='flex_cell_inner'><div  class='flex_column av-j883-732660077f5041d410697f99b164ee0d av_one_full  avia-builder-el-2  avia-builder-el-no-sibling  first flex_column_div  '     ><style type=\"text\/css\" data-created_by=\"avia_inline_auto\" id=\"style-css-av-m8akkc25-0f1ad517c1131218220d0d50310ac7be\">\n#top .av-special-heading.av-m8akkc25-0f1ad517c1131218220d0d50310ac7be{\npadding-bottom:25px;\ncolor:#ffffff;\n}\nbody .av-special-heading.av-m8akkc25-0f1ad517c1131218220d0d50310ac7be .av-special-heading-tag .heading-char{\nfont-size:25px;\n}\n.av-special-heading.av-m8akkc25-0f1ad517c1131218220d0d50310ac7be .special-heading-inner-border{\nborder-color:#ffffff;\n}\n.av-special-heading.av-m8akkc25-0f1ad517c1131218220d0d50310ac7be .av-subheading{\nfont-size:15px;\n}\n<\/style>\n<div  class='av-special-heading av-m8akkc25-0f1ad517c1131218220d0d50310ac7be av-special-heading-h1 custom-color-heading blockquote modern-quote  avia-builder-el-3  avia-builder-el-no-sibling '><h1 class='av-special-heading-tag '  itemprop=\"headline\"  >Datenschutz<\/h1><div class=\"special-heading-border\"><div class=\"special-heading-inner-border\"><\/div><\/div><\/div><\/div>\n<\/div><\/div>\n<style type=\"text\/css\" data-created_by=\"avia_inline_auto\" id=\"style-css-av-m8akmiv2-93f1978c200320e854f140d7a9519918\">\n.flex_cell.av-m8akmiv2-93f1978c200320e854f140d7a9519918{\nvertical-align:top;\nbackground:url(https:\/\/www.metagro.com\/wp-content\/uploads\/2024\/11\/Metagro-Machines-HQ-29-scaled.jpg) 50% 50% no-repeat scroll #015ff0;\n}\n<\/style>\n<div class='flex_cell av-m8akmiv2-93f1978c200320e854f140d7a9519918 av-gridrow-cell av_one_half no_margin  avia-builder-el-4  el_after_av_cell_one_half  avia-builder-el-last  content-align-top avia-full-stretch'  ><div class='flex_cell_inner'><p>\n<style type=\"text\/css\" data-created_by=\"avia_inline_auto\" id=\"style-css-av-m8aku7hc-7e2848e9abb0db9da5341b87212676c4\">\n#top .hr.hr-invisible.av-m8aku7hc-7e2848e9abb0db9da5341b87212676c4{\nheight:50px;\n}\n<\/style>\n<div  class='hr av-m8aku7hc-7e2848e9abb0db9da5341b87212676c4 hr-invisible  avia-builder-el-5  el_before_av_hr  avia-builder-el-first '><span class='hr-inner '><span class=\"hr-inner-style\"><\/span><\/span><\/div><br \/>\n\n<style type=\"text\/css\" data-created_by=\"avia_inline_auto\" id=\"style-css-av-2kfb-135e8a197c1093b1267d6934baab43d5\">\n#top .hr.hr-invisible.av-2kfb-135e8a197c1093b1267d6934baab43d5{\nheight:50px;\n}\n<\/style>\n<div  class='hr av-2kfb-135e8a197c1093b1267d6934baab43d5 hr-invisible  avia-builder-el-6  el_after_av_hr  avia-builder-el-last '><span class='hr-inner '><span class=\"hr-inner-style\"><\/span><\/span><\/div><\/p>\n<\/div><\/div><\/div><div id='av_section_1'  class='avia-section av-byjj-690c131689629cca0994e6a4b25e8a56 main_color avia-section-no-padding avia-no-border-styling  avia-builder-el-7  el_after_av_layout_row  avia-builder-el-last  avia-bg-style-scroll container_wrap sidebar_right'  ><div class='container av-section-cont-open' ><div class='template-page content  av-content-small alpha units'><div class='post-entry post-entry-type-page post-entry-4324'><div class='entry-content-wrapper clearfix'>\n<div  class='flex_column av-aprl-805451339d9fa606c2d31154d0fe89b2 av_one_fifth  avia-builder-el-8  el_before_av_three_fifth  avia-builder-el-first  first flex_column_div  '     ><\/div><div  class='flex_column av-6vn3-fa1f5bf7215391391780e415c5b670ba av_three_fifth  avia-builder-el-9  el_after_av_one_fifth  el_before_av_one_fifth  flex_column_div  '     ><p>\n<style type=\"text\/css\" data-created_by=\"avia_inline_auto\" id=\"style-css-av-m8aky97z-62ce212511e737c90e3f7c0b972e2837\">\n#top .hr.hr-invisible.av-m8aky97z-62ce212511e737c90e3f7c0b972e2837{\nheight:150px;\n}\n<\/style>\n<div  class='hr av-m8aky97z-62ce212511e737c90e3f7c0b972e2837 hr-invisible  avia-builder-el-10  el_before_av_textblock  avia-builder-el-first '><span class='hr-inner '><span class=\"hr-inner-style\"><\/span><\/span><\/div><br \/>\n\n<style type=\"text\/css\" data-created_by=\"avia_inline_auto\" id=\"style-css-av-m8akiju9-13b2a71675a65765275189d59ec5ecd6\">\n#top .av_textblock_section.av-m8akiju9-13b2a71675a65765275189d59ec5ecd6 .avia_textblock{\nfont-size:20px;\n}\n<\/style>\n<section  class='av_textblock_section av-m8akiju9-13b2a71675a65765275189d59ec5ecd6 '   itemscope=\"itemscope\" itemtype=\"https:\/\/schema.org\/CreativeWork\" ><div class='avia_textblock'  itemprop=\"text\" ><h4>Schutz Ihrer Privatsph\u00e4re<\/h4>\n<p>Metagro legt gro\u00dfen Wert auf den Schutz der personenbezogenen Daten von Kunden, Lieferanten, Mitarbeitern und Besuchern unserer Website. Wir behandeln diese Daten mit gr\u00f6\u00dftm\u00f6glicher Sorgfalt und Sicherheit, in \u00dcbereinstimmung mit der Allgemeinen Datenschutzverordnung (AVG) und anderen geltenden Gesetzen und Vorschriften. <\/p>\n<h4>Verantwortung f\u00fcr die Datenverarbeitung<\/h4>\n<p>F\u00fcr die Verarbeitung personenbezogener Daten ist die Metagro B.V. verantwortlich, die bei der Handelskammer unter der Nummer 23084892 eingetragen ist.<\/p>\n<h4>Zwecke der Datenverarbeitung<\/h4>\n<p>Metagro verarbeitet personenbezogene Daten f\u00fcr:<\/p>\n<ul>\n<li>Entgegennahme und Abgabe von Angeboten an Kunden.<\/li>\n<li>Durchf\u00fchrung von Vereinbarungen, einschlie\u00dflich der gemeinsamen Nutzung von Daten mit Partnern und Lieferanten.<\/li>\n<li>Bearbeitung von Anfragen und Antr\u00e4gen \u00fcber Telefon, E-Mail, Formulare oder soziale Medien.<\/li>\n<li>Zusendung von relevanten Informationen und Newslettern.<\/li>\n<li>Einziehung von Zahlungen f\u00fcr bereitgestellte Produkte und Dienstleistungen.<\/li>\n<\/ul>\n<h4>Sicherheit und Aufbewahrungsfrist<\/h4>\n<p>Personenbezogene Daten werden lokal und sicher gespeichert, wobei nur befugte Mitarbeiter Zugang haben. Wir ergreifen Ma\u00dfnahmen wie SSL-Zertifikate und biometrischen Zugang. Die Daten werden nicht l\u00e4nger aufbewahrt, als es f\u00fcr die Verarbeitung oder f\u00fcr gesetzliche Verpflichtungen erforderlich ist.  <\/p>\n<h4>Verwendung von personenbezogenen Daten durch Dritte<\/h4>\n<p>Metagro gibt keine pers\u00f6nlichen Daten an Dritte zu kommerziellen Zwecken weiter. Wir haben Verarbeitungsvereinbarungen mit unseren Partnern und Lieferanten abgeschlossen. <\/p>\n<h4>E-Mail und Newsletters<\/h4>\n<p>Ihre E-Mail-Adresse kann f\u00fcr relevante Produktinformationen und Neuigkeiten verwendet werden. Wir versenden Newsletter nur nach Ihrer Zustimmung. Sie k\u00f6nnen sich \u00fcber den Link im Newsletter oder durch Kontaktaufnahme mit uns abmelden.  <\/p>\n<h4>Cookies<\/h4>\n<p>Wir verwenden Cookies, damit die Website optimal funktioniert und um Besucherstatistiken zu erstellen. Sie k\u00f6nnen Cookies deaktivieren, aber dies kann die Funktionalit\u00e4t der Website beeintr\u00e4chtigen. Bitte lesen Sie auch unsere Cookie-Erkl\u00e4rung.  <\/p>\n<h4>Soziale Medien<\/h4>\n<p>Metagro ist auf LinkedIn, Twitter und YouTube aktiv. Die Teilnahme ist optional und unterliegt den Bedingungen der jeweiligen Plattform. <\/p>\n<h4>Verwendung von Bildmaterial<\/h4>\n<p>Bildmaterial aus Referenzen und Veranstaltungen wird nur mit schriftlicher Genehmigung verwendet und so lange aufbewahrt, wie es relevant ist. Wenn Sie Ihre Genehmigung zur\u00fcckziehen, wird das Material bei der n\u00e4chsten Aktualisierung entfernt. <\/p>\n<h4>Bewerbung f\u00fcr eine Stelle bei Metagro<\/h4>\n<p>Bei Bewerbungen verarbeiten wir Namens- und Adressdaten sowie Lebensl\u00e4ufe, die bis zu 2 Jahre nach Abschluss des Bewerbungsverfahrens aufbewahrt werden.<\/p>\n<h4>Ihre Rechte<\/h4>\n<p>Sie haben das Recht auf Zugang, Berichtigung, L\u00f6schung und \u00dcbertragung Ihrer Daten. Sie k\u00f6nnen auch eine Beschwerde bei der Beh\u00f6rde f\u00fcr personenbezogene Daten einreichen, wenn Sie der Meinung sind, dass Metagro Ihre Daten nicht korrekt behandelt. <\/p>\n<h4>\u00c4nderungen<\/h4>\n<p>Dieser Datenschutzhinweis kann sich \u00e4ndern. Bitte \u00fcberpr\u00fcfen Sie diese Seite regelm\u00e4\u00dfig auf Aktualisierungen. <\/p>\n<p>Haben Sie Fragen? Kontaktieren Sie uns unter marketing@dubbeldamgroep.nl oder +31 (0)78 &#8211; 610 0333.<\/p>\n<\/div><\/section><br \/>\n\n<style type=\"text\/css\" data-created_by=\"avia_inline_auto\" id=\"style-css-av-49bt-9ca291e79585fde2298cad95512aeed3\">\n#top .hr.hr-invisible.av-49bt-9ca291e79585fde2298cad95512aeed3{\nheight:150px;\n}\n<\/style>\n<div  class='hr av-49bt-9ca291e79585fde2298cad95512aeed3 hr-invisible  avia-builder-el-12  el_after_av_textblock  avia-builder-el-last '><span class='hr-inner '><span class=\"hr-inner-style\"><\/span><\/span><\/div><\/p><\/div><div  class='flex_column av-46hb-c25cc6e87e63cab2c3d1c67dbd007789 av_one_fifth  avia-builder-el-13  el_after_av_three_fifth  avia-builder-el-last  flex_column_div  '     ><\/div>\n<\/div><\/div><\/div><!-- close content main div --><\/div><\/div><div id='after_section_1'  class='main_color av_default_container_wrap container_wrap sidebar_right'  ><div class='container av-section-cont-open' ><div class='template-page content  av-content-small alpha units'><div class='post-entry post-entry-type-page post-entry-4324'><div class='entry-content-wrapper clearfix'><\/p>\n","protected":false},"excerpt":{"rendered":"","protected":false},"author":3,"featured_media":0,"parent":0,"menu_order":0,"comment_status":"closed","ping_status":"closed","template":"","meta":{"_acf_changed":false,"footnotes":""},"class_list":["post-4324","page","type-page","status-publish","hentry"],"acf":[],"yoast_head":"<!-- This site is optimized with the Yoast SEO plugin v27.3 - https:\/\/yoast.com\/product\/yoast-seo-wordpress\/ -->\n<title>Erkl\u00e4rung zum Datenschutz - Metagro<\/title>\n<meta name=\"robots\" content=\"index, follow, max-snippet:-1, max-image-preview:large, max-video-preview:-1\" \/>\n<link rel=\"canonical\" href=\"https:\/\/www.metagro.com\/de\/privacyverklaring\/\" \/>\n<meta property=\"og:locale\" content=\"de_DE\" \/>\n<meta property=\"og:type\" content=\"article\" \/>\n<meta property=\"og:title\" content=\"Erkl\u00e4rung zum Datenschutz - Metagro\" \/>\n<meta property=\"og:url\" content=\"https:\/\/www.metagro.com\/de\/privacyverklaring\/\" \/>\n<meta property=\"og:site_name\" content=\"Metagro\" \/>\n<meta property=\"article:publisher\" content=\"https:\/\/www.facebook.com\/Metagro\" \/>\n<meta property=\"article:modified_time\" content=\"2025-03-27T20:40:19+00:00\" \/>\n<meta name=\"twitter:card\" content=\"summary_large_image\" \/>\n<meta name=\"twitter:label1\" content=\"Gesch\u00e4tzte Lesezeit\" \/>\n\t<meta name=\"twitter:data1\" content=\"17\u00a0Minuten\" \/>\n<script type=\"application\/ld+json\" class=\"yoast-schema-graph\">{\"@context\":\"https:\\\/\\\/schema.org\",\"@graph\":[{\"@type\":\"WebPage\",\"@id\":\"https:\\\/\\\/www.metagro.com\\\/de\\\/privacyverklaring\\\/\",\"url\":\"https:\\\/\\\/www.metagro.com\\\/de\\\/privacyverklaring\\\/\",\"name\":\"Erkl\u00e4rung zum Datenschutz - Metagro\",\"isPartOf\":{\"@id\":\"https:\\\/\\\/www.metagro.com\\\/de\\\/#website\"},\"datePublished\":\"2024-09-30T10:54:38+00:00\",\"dateModified\":\"2025-03-27T20:40:19+00:00\",\"inLanguage\":\"de\",\"potentialAction\":[{\"@type\":\"ReadAction\",\"target\":[\"https:\\\/\\\/www.metagro.com\\\/de\\\/privacyverklaring\\\/\"]}]},{\"@type\":\"WebSite\",\"@id\":\"https:\\\/\\\/www.metagro.com\\\/de\\\/#website\",\"url\":\"https:\\\/\\\/www.metagro.com\\\/de\\\/\",\"name\":\"Metagro\",\"description\":\"vakmanschap in cabinebouw, innovatie en een ergonomische werkomgeving staan centraal\",\"publisher\":{\"@id\":\"https:\\\/\\\/www.metagro.com\\\/de\\\/#organization\"},\"potentialAction\":[{\"@type\":\"SearchAction\",\"target\":{\"@type\":\"EntryPoint\",\"urlTemplate\":\"https:\\\/\\\/www.metagro.com\\\/de\\\/?s={search_term_string}\"},\"query-input\":{\"@type\":\"PropertyValueSpecification\",\"valueRequired\":true,\"valueName\":\"search_term_string\"}}],\"inLanguage\":\"de\"},{\"@type\":\"Organization\",\"@id\":\"https:\\\/\\\/www.metagro.com\\\/de\\\/#organization\",\"name\":\"Metagro\",\"url\":\"https:\\\/\\\/www.metagro.com\\\/de\\\/\",\"logo\":{\"@type\":\"ImageObject\",\"inLanguage\":\"de\",\"@id\":\"https:\\\/\\\/www.metagro.com\\\/de\\\/#\\\/schema\\\/logo\\\/image\\\/\",\"url\":\"https:\\\/\\\/www.metagro.com\\\/wp-content\\\/uploads\\\/2024\\\/10\\\/logo.png\",\"contentUrl\":\"https:\\\/\\\/www.metagro.com\\\/wp-content\\\/uploads\\\/2024\\\/10\\\/logo.png\",\"width\":380,\"height\":192,\"caption\":\"Metagro\"},\"image\":{\"@id\":\"https:\\\/\\\/www.metagro.com\\\/de\\\/#\\\/schema\\\/logo\\\/image\\\/\"},\"sameAs\":[\"https:\\\/\\\/www.facebook.com\\\/Metagro\",\"https:\\\/\\\/www.instagram.com\\\/metagro_bv\\\/\",\"https:\\\/\\\/www.linkedin.com\\\/company\\\/metagro-bv\\\/\"]}]}<\/script>\n<!-- \/ Yoast SEO plugin. -->","yoast_head_json":{"title":"Erkl\u00e4rung zum Datenschutz - Metagro","robots":{"index":"index","follow":"follow","max-snippet":"max-snippet:-1","max-image-preview":"max-image-preview:large","max-video-preview":"max-video-preview:-1"},"canonical":"https:\/\/www.metagro.com\/de\/privacyverklaring\/","og_locale":"de_DE","og_type":"article","og_title":"Erkl\u00e4rung zum Datenschutz - Metagro","og_url":"https:\/\/www.metagro.com\/de\/privacyverklaring\/","og_site_name":"Metagro","article_publisher":"https:\/\/www.facebook.com\/Metagro","article_modified_time":"2025-03-27T20:40:19+00:00","twitter_card":"summary_large_image","twitter_misc":{"Gesch\u00e4tzte Lesezeit":"17\u00a0Minuten"},"schema":{"@context":"https:\/\/schema.org","@graph":[{"@type":"WebPage","@id":"https:\/\/www.metagro.com\/de\/privacyverklaring\/","url":"https:\/\/www.metagro.com\/de\/privacyverklaring\/","name":"Erkl\u00e4rung zum Datenschutz - Metagro","isPartOf":{"@id":"https:\/\/www.metagro.com\/de\/#website"},"datePublished":"2024-09-30T10:54:38+00:00","dateModified":"2025-03-27T20:40:19+00:00","inLanguage":"de","potentialAction":[{"@type":"ReadAction","target":["https:\/\/www.metagro.com\/de\/privacyverklaring\/"]}]},{"@type":"WebSite","@id":"https:\/\/www.metagro.com\/de\/#website","url":"https:\/\/www.metagro.com\/de\/","name":"Metagro","description":"vakmanschap in cabinebouw, innovatie en een ergonomische werkomgeving staan centraal","publisher":{"@id":"https:\/\/www.metagro.com\/de\/#organization"},"potentialAction":[{"@type":"SearchAction","target":{"@type":"EntryPoint","urlTemplate":"https:\/\/www.metagro.com\/de\/?s={search_term_string}"},"query-input":{"@type":"PropertyValueSpecification","valueRequired":true,"valueName":"search_term_string"}}],"inLanguage":"de"},{"@type":"Organization","@id":"https:\/\/www.metagro.com\/de\/#organization","name":"Metagro","url":"https:\/\/www.metagro.com\/de\/","logo":{"@type":"ImageObject","inLanguage":"de","@id":"https:\/\/www.metagro.com\/de\/#\/schema\/logo\/image\/","url":"https:\/\/www.metagro.com\/wp-content\/uploads\/2024\/10\/logo.png","contentUrl":"https:\/\/www.metagro.com\/wp-content\/uploads\/2024\/10\/logo.png","width":380,"height":192,"caption":"Metagro"},"image":{"@id":"https:\/\/www.metagro.com\/de\/#\/schema\/logo\/image\/"},"sameAs":["https:\/\/www.facebook.com\/Metagro","https:\/\/www.instagram.com\/metagro_bv\/","https:\/\/www.linkedin.com\/company\/metagro-bv\/"]}]}},"_links":{"self":[{"href":"https:\/\/www.metagro.com\/de\/wp-json\/wp\/v2\/pages\/4324","targetHints":{"allow":["GET"]}}],"collection":[{"href":"https:\/\/www.metagro.com\/de\/wp-json\/wp\/v2\/pages"}],"about":[{"href":"https:\/\/www.metagro.com\/de\/wp-json\/wp\/v2\/types\/page"}],"author":[{"embeddable":true,"href":"https:\/\/www.metagro.com\/de\/wp-json\/wp\/v2\/users\/3"}],"replies":[{"embeddable":true,"href":"https:\/\/www.metagro.com\/de\/wp-json\/wp\/v2\/comments?post=4324"}],"version-history":[{"count":3,"href":"https:\/\/www.metagro.com\/de\/wp-json\/wp\/v2\/pages\/4324\/revisions"}],"predecessor-version":[{"id":5499,"href":"https:\/\/www.metagro.com\/de\/wp-json\/wp\/v2\/pages\/4324\/revisions\/5499"}],"wp:attachment":[{"href":"https:\/\/www.metagro.com\/de\/wp-json\/wp\/v2\/media?parent=4324"}],"curies":[{"name":"wp","href":"https:\/\/api.w.org\/{rel}","templated":true}]}}